{"id":40,"date":"2009-11-17T01:11:34","date_gmt":"2009-11-17T03:11:34","guid":{"rendered":"http:\/\/balneariolaconcordia.com\/?page_id=40"},"modified":"2009-11-17T01:11:34","modified_gmt":"2009-11-17T03:11:34","slug":"fotos","status":"publish","type":"page","link":"https:\/\/balneariolaconcordia.com\/?page_id=40","title":{"rendered":"Fotos"},"content":{"rendered":"<h2><strong><span style=\"text-decoration: underline;\">Fotos del Balneario<\/span><\/strong><\/h2>\n<p>Aqu\u00ed les dejo una colecci\u00f3n de fotos del Balnerio.<\/p>\n<p>Si quieres ver la ubicaci\u00f3n exacta de d\u00f3nde es cada foto, te suguiero que accedas al <strong>mapa interactivo<\/strong>!<strong><span style=\"text-decoration: underline;\"><br \/>\n<\/span><\/strong><\/p>\n<p><a href=\"http:\/\/www.nevildata.com\/recursos-webbalneario\/fotosmapa\/100_1898-Avenida-Hacia-Arriba.jpg\" target=\"_blank\"><img loading=\"lazy\" decoding=\"async\" class=\"alignnone\" title=\"Avenida-Hacia-Arriba\" src=\"http:\/\/www.nevildata.com\/recursos-webbalneario\/fotosmapa\/100_1898-Avenida-Hacia-Arriba.jpg\" alt=\"\" width=\"207\" height=\"156\" \/><\/a><a href=\"http:\/\/www.nevildata.com\/recursos-webbalneario\/fotosmapa\/100_1931-Arboleda-en-Avenida.jpg\" target=\"_blank\"><img loading=\"lazy\" decoding=\"async\" class=\"  alignnone\" title=\"Arboleda-en-Avenida\" src=\"http:\/\/www.nevildata.com\/recursos-webbalneario\/fotosmapa\/100_1931-Arboleda-en-Avenida.jpg\" alt=\"Arboleda-en-Avenida\" width=\"207\" height=\"156\" \/><\/a><a href=\"http:\/\/www.nevildata.com\/recursos-webbalneario\/fotosmapa\/100_1899-Avenida-Hacia-Abajo.jpg\" target=\"_blank\"><img loading=\"lazy\" decoding=\"async\" class=\"alignnone\" title=\"Avenida-Hacia-Abajo\" src=\"http:\/\/www.nevildata.com\/recursos-webbalneario\/fotosmapa\/100_1899-Avenida-Hacia-Abajo.jpg\" alt=\"\" width=\"207\" height=\"156\" \/><\/a><\/p>\n<p>&#8212;&#8212;&#8212;-<\/p>\n<h3><strong><span style=\"text-decoration: underline;\">Galer\u00eda Mapa Interactivo Parte 3<\/span><\/strong><\/h3>\n<p><iframe loading=\"lazy\" src=\"http:\/\/docs.google.com\/present\/embed?id=d5gf2mz_178j99nmpwm\" width=\"410\" height=\"342\" frameborder=\"0\"><\/iframe><br \/>\n&#8212;&#8212;&#8212;-<\/p>\n<h3><strong><span style=\"text-decoration: underline;\">Galer\u00eda Mapa Interactivo Parte 2<\/span><\/strong><\/h3>\n<p><iframe loading=\"lazy\" src=\"http:\/\/docs.google.com\/present\/embed?id=d5gf2mz_144gtxppvdp\" width=\"410\" height=\"342\" frameborder=\"0\"><\/iframe><br \/>\n&#8212;&#8212;&#8212;-<\/p>\n<h3><span style=\"text-decoration: underline;\"><strong>Galer\u00eda Mapa Interactivo Parte 1<\/strong><\/span><\/h3>\n<p><iframe loading=\"lazy\" src=\"http:\/\/docs.google.com\/present\/embed?id=d5gf2mz_115g37mbphs\" width=\"410\" height=\"342\" frameborder=\"0\"><\/iframe><br \/>\n&#8212;&#8212;&#8212;&#8212;&#8212;-<\/p>\n","protected":false},"excerpt":{"rendered":"<p>Fotos del Balneario Aqu\u00ed les dejo una colecci\u00f3n de fotos del Balnerio. Si quieres ver la ubicaci\u00f3n exacta de d\u00f3nde es cada foto, te suguiero que accedas al mapa interactivo! &#8212;&#8212;&#8212;- Galer\u00eda Mapa Interactivo Parte 3 &#8212;&#8212;&#8212;- Galer\u00eda Mapa Interactivo Parte 2 &#8212;&#8212;&#8212;- Galer\u00eda Mapa Interactivo Parte 1 &#8212;&#8212;&#8212;&#8212;&#8212;-<\/p>\n","protected":false},"author":1,"featured_media":0,"parent":0,"menu_order":0,"comment_status":"open","ping_status":"open","template":"","meta":{"footnotes":""},"class_list":["post-40","page","type-page","status-publish","hentry"],"_links":{"self":[{"href":"https:\/\/balneariolaconcordia.com\/index.php?rest_route=\/wp\/v2\/pages\/40","targetHints":{"allow":["GET"]}}],"collection":[{"href":"https:\/\/balneariolaconcordia.com\/index.php?rest_route=\/wp\/v2\/pages"}],"about":[{"href":"https:\/\/balneariolaconcordia.com\/index.php?rest_route=\/wp\/v2\/types\/page"}],"author":[{"embeddable":true,"href":"https:\/\/balneariolaconcordia.com\/index.php?rest_route=\/wp\/v2\/users\/1"}],"replies":[{"embeddable":true,"href":"https:\/\/balneariolaconcordia.com\/index.php?rest_route=%2Fwp%2Fv2%2Fcomments&post=40"}],"version-history":[{"count":0,"href":"https:\/\/balneariolaconcordia.com\/index.php?rest_route=\/wp\/v2\/pages\/40\/revisions"}],"wp:attachment":[{"href":"https:\/\/balneariolaconcordia.com\/index.php?rest_route=%2Fwp%2Fv2%2Fmedia&parent=40"}],"curies":[{"name":"wp","href":"https:\/\/api.w.org\/{rel}","templated":true}]}}