{"id":670,"date":"2015-05-27T22:57:33","date_gmt":"2015-05-27T22:57:33","guid":{"rendered":"http:\/\/www.balneariolaconcordia.com\/?page_id=670"},"modified":"2015-05-27T22:57:33","modified_gmt":"2015-05-27T22:57:33","slug":"alquilar","status":"publish","type":"page","link":"https:\/\/balneariolaconcordia.com\/?page_id=670","title":{"rendered":"Alquilar"},"content":{"rendered":"\n<p class=\"has-text-align-center\"><strong><span style=\"color: #ff0000;\"><em>(Si llamas o te comunicas con algunos tel\u00e9fonos aqu\u00ed colocados, di que los has encontrado en la web <span style=\"color: #0000ff;\"><a style=\"color: #0000ff;\" href=\"http:\/\/balneariolaconcordia.com\" target=\"_blank\" rel=\"noopener\">BalnearioLaConcordia.com<\/a><\/span>, as\u00ed por un lado nos ayudas a nosotros para difundir nuestra web, y por otro se aseguran de d\u00f3nde se han obtenido sus tel\u00e9fonos. Gracias!)<\/em><\/span><\/strong><\/p>\n\n\n\n<h3 class=\"wp-block-heading\"><strong>Aqu\u00ed algunos tel\u00e9fonos de personas a las cuales contactar:<\/strong><\/h3>\n\n\n\n<p><strong>Mariana<\/strong> &#8211; <span style=\"color: #0000ff;\"><em>098868156<\/em><\/span><\/p>\n\n\n\n<p><strong>Carlos A.<\/strong> &#8211; <span style=\"color: #0000ff;\"><em>099679880<\/em><\/span><\/p>\n\n\n\n<p><strong>Graciela Gomila <\/strong>&#8211; <span style=\"color: #0000ff;\"><em>099051913 &#8211; (4534)3544<\/em><\/span><\/p>\n\n\n\n<p><strong>Sergio \u00c1vila<\/strong> &#8211; 99981507<\/p>\n\n\n\n<p><strong>Marta Ostolaza<\/strong> &#8211; 98545446<\/p>\n\n\n\n<p><strong>Alba Michelena<\/strong> &#8211; 99309059<\/p>\n\n\n\n<p><strong>Eve Luz Silveira<\/strong> &#8211; 99154417<\/p>\n\n\n\n<p><strong>\u00c1lvaro Pe\u00f1alva <\/strong>&#8211; 99530450<\/p>\n\n\n\n<p><strong>Flia. Torrini <\/strong>&#8211; 98949504<\/p>\n\n\n\n<p><strong>Flia. Avila <\/strong>&#8211; 92006064<\/p>\n\n\n\n<hr class=\"wp-block-separator has-alpha-channel-opacity\"\/>\n\n\n\n<p><strong>Enero y Febrero, mes o quincena, frente al r\u00edo:<\/strong><\/p>\n\n\n\n<p>Casa con 7 plazas, living comedor, cocina, ba\u00f1o, churrasquera, cochera, aireacondicionado, ventiladores de techo, freezer, microondas, lavarropa y dem\u00e1s comodidades.<\/p>\n\n\n\n<p>Tel\u00e9fono consultas: <strong>4534 2756<\/strong><\/p>\n\n\n\n<hr class=\"wp-block-separator has-alpha-channel-opacity\"\/>\n\n\n\n<p><span style=\"color: #00ff00;\"><strong>Se alquila casa bien equipada, 2 dormitorios, aire acondicionado, barbacoa, a 1 cuadra de la playa.<\/strong><\/span><\/p>\n\n\n\n<p><span style=\"color: #00ff00;\"><strong>Tratar al Cel.: <span style=\"color: #ff0000;\">098905692<\/span><\/strong><\/span><\/p>\n\n\n\n<hr class=\"wp-block-separator has-alpha-channel-opacity\"\/>\n\n\n\n<h2 class=\"wp-block-heading has-text-align-center\"><span style=\"text-decoration: underline;\"><strong>Alquilar Moteles y Camping (IMS)<\/strong><\/span><\/h2>\n\n\n\n<p><\/p>\n\n\n\n<p>Caba\u00f1as municipales: 36 plazas<\/p>\n\n\n\n<p>Contacto: 092928887\/ 45342357<\/p>\n\n\n\n<p>El costo de los Moteles para el verano 2020-2021:<\/p>\n\n\n\n<p>Los precios se mantienen en <strong>$100 por carpa<\/strong>, <strong>$30 por persona<\/strong> y <strong>$150 las casas rodantes<\/strong>, por d\u00eda.<\/p>\n\n\n\n<p>Se hace un control de electrodom\u00e9sticos pagando <strong>$30 adicionales<\/strong> por cada uno de ellos.<\/p>\n\n\n\n<p>Hay que reservar con tiempo.<\/p>\n\n\n\n<hr class=\"wp-block-separator has-alpha-channel-opacity\"\/>\n\n\n\n<p class=\"has-text-align-left\"><strong><span style=\"text-decoration: underline;\">ACLARACI\u00d3N:<\/span><\/strong><\/p>\n\n\n\n<p>*La informaci\u00f3n es obtenida de la p\u00e1gina de la Intendencia de Soriano y de otras fuentes.<\/p>\n\n\n\n<p><span style=\"color: #ff0000;\"><strong><em>Por favor tomarse el trabajo de llamar a los tel\u00e9fonos que hay, ya que yo no tengo relaci\u00f3n alguna m\u00e1s que simplemente publicar los datos en la web.<\/em><\/strong><\/span><\/p>\n\n\n\n<p><span style=\"color: #ff0000;\"><strong><em>Si hay alg\u00fan dato con error o si quieres publicar algo, ponte en contacto con nosotros por los medios disponibles en la secci\u00f3n de Contactos.<\/em><\/strong><\/span><\/p>\n\n\n\n<p><span style=\"color: #ff0000;\"><strong><em>Sepan disculpar, pero no tengo el tiempo suficiente como para poder realizar dichas consultas y luego responderles a cada uno.<\/em><\/strong><\/span><\/p>\n\n\n\n<p><strong><em>Muchas Gracias.<\/em><\/strong><\/p>\n\n\n\n<p>Neville Charbonnier<\/p>\n","protected":false},"excerpt":{"rendered":"<p>(Si llamas o te comunicas con algunos tel\u00e9fonos aqu\u00ed colocados, di que los has encontrado en la web BalnearioLaConcordia.com, as\u00ed por un lado nos ayudas a nosotros para difundir nuestra web, y por otro se aseguran de d\u00f3nde se han obtenido sus tel\u00e9fonos. Gracias!) Aqu\u00ed algunos tel\u00e9fonos de personas a las cuales contactar: Mariana &#8211; [&hellip;]<\/p>\n","protected":false},"author":1,"featured_media":0,"parent":0,"menu_order":0,"comment_status":"open","ping_status":"open","template":"","meta":{"footnotes":""},"class_list":["post-670","page","type-page","status-publish","hentry"],"_links":{"self":[{"href":"https:\/\/balneariolaconcordia.com\/index.php?rest_route=\/wp\/v2\/pages\/670","targetHints":{"allow":["GET"]}}],"collection":[{"href":"https:\/\/balneariolaconcordia.com\/index.php?rest_route=\/wp\/v2\/pages"}],"about":[{"href":"https:\/\/balneariolaconcordia.com\/index.php?rest_route=\/wp\/v2\/types\/page"}],"author":[{"embeddable":true,"href":"https:\/\/balneariolaconcordia.com\/index.php?rest_route=\/wp\/v2\/users\/1"}],"replies":[{"embeddable":true,"href":"https:\/\/balneariolaconcordia.com\/index.php?rest_route=%2Fwp%2Fv2%2Fcomments&post=670"}],"version-history":[{"count":0,"href":"https:\/\/balneariolaconcordia.com\/index.php?rest_route=\/wp\/v2\/pages\/670\/revisions"}],"wp:attachment":[{"href":"https:\/\/balneariolaconcordia.com\/index.php?rest_route=%2Fwp%2Fv2%2Fmedia&parent=670"}],"curies":[{"name":"wp","href":"https:\/\/api.w.org\/{rel}","templated":true}]}}