{"id":790,"date":"2019-09-23T23:47:15","date_gmt":"2019-09-23T23:47:15","guid":{"rendered":"http:\/\/www.balneariolaconcordia.com\/?page_id=790"},"modified":"2019-09-23T23:47:15","modified_gmt":"2019-09-23T23:47:15","slug":"balneario-la-concordia","status":"publish","type":"page","link":"https:\/\/balneariolaconcordia.com\/?page_id=790","title":{"rendered":"Balneario La Concordia"},"content":{"rendered":"\n<p>Ubicado en el Corredor del r\u00edo Uruguay, sobre uno de los tramos m\u00e1s anchos del curso, el <a href=\"http:\/\/www.balneariolaconcordia.com\" target=\"_blank\" rel=\"noopener noreferrer\">Balneario la Concordia<\/a>, como lo indica su nombre, ofrece una arm\u00f3nica experiencia entre naturaleza y diversi\u00f3n, a solo 22 kms. de Dolores y 58 kms. de Mercedes<\/p>\n\n\n\n<p>Con hermosas playas y un entorno inigualable, comenz\u00f3 siendo, all\u00e1 por 1951, una zona de esparcimiento para lo dolore\u00f1os, denomin\u00e1ndose en un principio Puerto Aldao.<\/p>\n\n\n\n<p>Actualmente posee 8 manzanas con 108 solares, contando con los servicios de agua, electricidad, tel\u00e9fono, recolecci\u00f3n de residuos, \u00f3mnibus local, destacamento polic\u00eda, canchas de f\u00fatbol, p\u00e1del y b\u00e1squetbol, etc.<\/p>\n\n\n\n<p>Las posibilidades de recreaci\u00f3n van desde las hermosas playas hasta un buen ba\u00f1o en las tranquilas aguas del r\u00edo, pasando por deportes n\u00e1uticos y la pesca, la cual se destaca por la abundancia del dorado.<\/p>\n\n\n\n<p> <p><strong>\u00bfC\u00f3mo llegar al Balneario?<\/strong><\/p><p>Desde Nueva Palmira, por la Ruta 21 que va hacia Dolores, llegar hasta la ANCAP vieja, por el otro margen de la ruta, comienza la ruta que va hacia la Escuela Agraria de la Concordia, y seguir lo asfaltado que nos llevar\u00e1 hacia el balneario.<\/p><p>Desde Dolores por la Ruta 21 que va hacia Nueva Palmira, ubicar la \u00abrotonda\u00bb y el cartel que nos avisa de la entrada a la ruta que nos lleva a la Escuela Agraria de la Concordia.<\/p> <\/p>\n\n\n\n<p>.<\/p>\n","protected":false},"excerpt":{"rendered":"<p>Ubicado en el Corredor del r\u00edo Uruguay, sobre uno de los tramos m\u00e1s anchos del curso, el Balneario la Concordia, como lo indica su nombre, ofrece una arm\u00f3nica experiencia entre naturaleza y diversi\u00f3n, a solo 22 kms. de Dolores y 58 kms. de Mercedes Con hermosas playas y un entorno inigualable, comenz\u00f3 siendo, all\u00e1 por [&hellip;]<\/p>\n","protected":false},"author":1,"featured_media":0,"parent":0,"menu_order":0,"comment_status":"closed","ping_status":"closed","template":"","meta":{"footnotes":""},"class_list":["post-790","page","type-page","status-publish","hentry"],"_links":{"self":[{"href":"https:\/\/balneariolaconcordia.com\/index.php?rest_route=\/wp\/v2\/pages\/790","targetHints":{"allow":["GET"]}}],"collection":[{"href":"https:\/\/balneariolaconcordia.com\/index.php?rest_route=\/wp\/v2\/pages"}],"about":[{"href":"https:\/\/balneariolaconcordia.com\/index.php?rest_route=\/wp\/v2\/types\/page"}],"author":[{"embeddable":true,"href":"https:\/\/balneariolaconcordia.com\/index.php?rest_route=\/wp\/v2\/users\/1"}],"replies":[{"embeddable":true,"href":"https:\/\/balneariolaconcordia.com\/index.php?rest_route=%2Fwp%2Fv2%2Fcomments&post=790"}],"version-history":[{"count":0,"href":"https:\/\/balneariolaconcordia.com\/index.php?rest_route=\/wp\/v2\/pages\/790\/revisions"}],"wp:attachment":[{"href":"https:\/\/balneariolaconcordia.com\/index.php?rest_route=%2Fwp%2Fv2%2Fmedia&parent=790"}],"curies":[{"name":"wp","href":"https:\/\/api.w.org\/{rel}","templated":true}]}}